{"id":494,"date":"2026-04-12T04:48:36","date_gmt":"2026-04-12T04:48:36","guid":{"rendered":"https:\/\/magazinewriting.hubbardschool.org\/Group3\/?page_id=494"},"modified":"2026-04-12T05:31:42","modified_gmt":"2026-04-12T05:31:42","slug":"what-i-learned-about-passion-from-hating-soccer","status":"publish","type":"page","link":"https:\/\/magazinewriting.hubbardschool.org\/Group3\/?page_id=494","title":{"rendered":"What I Learned About Passion from Hating Soccer"},"content":{"rendered":"\n<div class=\"wp-block-group\"><div class=\"wp-block-group__inner-container is-layout-constrained wp-block-group-is-layout-constrained\">\n<h2 class=\"wp-block-heading\">For years, I couldn\u2019t stand my family and neighbors\u2019 obsession with soccer, but it took a friend\u2019s joy for me to gain a new perspective.<\/h2>\n\n\n\n<p><\/p>\n<\/div><\/div>\n\n\n<div class=\"wp-block-post-author-name\">Ilke Gunay<\/div>\n\n\n<p><\/p>\n\n\n\n<p>During my childhood in Turkey \u2014 a single-parent, two-grandparent household \u2014 the TV was almost always on. My after-school routine involved watching lots of Disney Channel and Nickelodeon shows, with grandma coming in for reality TV. Grandpa only liked watching the news and soccer. He was a professional TV watcher, skillfully zapping between different channels and giving the screen his undivided attention. This was especially true during soccer season. If soccer was on, we weren\u2019t allowed to watch anything other than 22 seemingly angry, athletic men run, jump and tackle each other on green grass for two hours.<\/p>\n\n\n\n<p>Soccer is a very big deal in Turkey. People are born into supporting one of the three big teams: Fenerbah\u00e7e, Galatasaray or Be\u015fikta\u015f. These allegiances pass down through generations.<\/p>\n\n\n\n<p>It\u2019s also heavily male-dominated. Even though the female soccer league in Turkey became professional in 2021, there is still a lot of social stigma around women playing soccer. On the other hand, the male soccer league is the biggest and most funded sports league in the country. I saw this social divide emerge in my elementary school when only the boys played soccer in the courtyard, while girls played catch and house.&nbsp;<\/p>\n\n\n\n<p>I recall some initiatives by the Turkish Football Federation to get women involved in the sport, at least as audience members. When I was 12, I went to a women\u2019s night game at the Fenerbah\u00e7e stadium with my mom and her friends. Even though none of us really knew what was going on on the field at all times, I remember having lots of fun cheering among thousands of people.<\/p>\n\n\n\n<p>At school, boys threw insults, and hit and shoved each other over the teams they supported. If there was a very important game being played, they would come into class the next day, more than eager to yell and jump at each other when someone called out the losing team. You can see similar behaviors in adult fanatics who aren\u2019t shy to sing offensive anthems and throw sexist, derogatory insults at players and each other at stadiums or in front of screens. Very recently in January, two groups of fans of Galatasaray and Fenerbah\u00e7e got into <a href=\"https:\/\/www.yenisafak.com\/foto-galeri\/spor\/derbi-oncesi-istenmeyen-goruntuler-taraftarlar-arasinda-kavga-cikti-4787055\/1\">a fight before a derby in Istanbul<\/a>, first throwing insults, then stones at each other. The fight had to be broken by the police. No matter where they are, these men are ready to get into a physical brawl after their team loses a game \u2014and without being aware of how unsafe they might make the people around them feel.&nbsp;<\/p>\n\n\n\n<p>Both at school and in public, I began associating these violent acts and events with the entirety of the sport from a young age, considering how often game nights ended in arguments and fights in stadiums and on streets. For a very long time, I detested interacting with anything related to soccer, because I couldn\u2019t not see it as a misogynistic and toxic sport.<\/p>\n\n\n\n<p>It\u2019s not that I didn\u2019t appreciate sports. Following my mom\u2019s footsteps, I played volleyball for six years until high school. I enjoyed moving in harmony with my teammates, and I loved scoring points.<\/p>\n\n\n\n<p>It also felt good to watch and support other teams when I wasn\u2019t on the court. But I still didn\u2019t fully understand how someone could go from being a fan of a sport to becoming dangerously hostile when their team loses a game.<\/p>\n\n\n\n<p>Last year, the Fenerbah\u00e7e basketball team became the EuroLeague champion, and my childhood best friend went out to celebrate on the crowded streets of Istanbul. Months after the parade, she pulled out her phone and showed me pictures from that day, recounting how she and her boyfriend managed to find the best spot on the street right when the team bus was passing by. As she described the joy with each photo and video, it was obvious to me the parade had become one of her highlight moments of the year. It had given her a sense of community with the millions of people coming together to celebrate the same thing.<\/p>\n\n\n\n<p>I also realized soccer gave my grandpa a sense of community. He became a soccer fan at 14. When he moved to Istanbul, he began frequently going to live stadium games with his friends. \u201cPeople go to games or watch them as a means to escape from what is happening in the world around them,\u201d he told me. He kept going to the stadium until the late 80s, and when TVs were introduced to homes, he stopped going. He thinks the TV made it easier to follow the league, although nothing compares to being at the stadium with his friends, he says.<\/p>\n\n\n\n<p>So I am reconciling with soccer. As we both grow older, the sport has become one of the ways I can relate to him more. I don\u2019t think I\u2019ll ever sit down and really enjoy watching a game of soccer. But who knows? Next time I fly back home, I might ask grandpa to update me on the latest status of Fenerbah\u00e7e, and give me some gossip about the recent transfers in the league.<\/p>\n","protected":false},"excerpt":{"rendered":"<p>For years, I couldn\u2019t stand my family and neighbors\u2019 obsession with soccer, but it took a friend\u2019s joy for me to gain a new perspective. During my childhood in Turkey \u2014 a single-parent, two-grandparent household \u2014 the TV was almost always on. My after-school routine involved watching lots of Disney Channel and Nickelodeon shows, with [&hellip;]<\/p>\n","protected":false},"author":8,"featured_media":495,"parent":92,"menu_order":0,"comment_status":"closed","ping_status":"closed","template":"","meta":{"footnotes":""},"class_list":["post-494","page","type-page","status-publish","has-post-thumbnail","hentry"],"_links":{"self":[{"href":"https:\/\/magazinewriting.hubbardschool.org\/Group3\/index.php?rest_route=\/wp\/v2\/pages\/494","targetHints":{"allow":["GET"]}}],"collection":[{"href":"https:\/\/magazinewriting.hubbardschool.org\/Group3\/index.php?rest_route=\/wp\/v2\/pages"}],"about":[{"href":"https:\/\/magazinewriting.hubbardschool.org\/Group3\/index.php?rest_route=\/wp\/v2\/types\/page"}],"author":[{"embeddable":true,"href":"https:\/\/magazinewriting.hubbardschool.org\/Group3\/index.php?rest_route=\/wp\/v2\/users\/8"}],"replies":[{"embeddable":true,"href":"https:\/\/magazinewriting.hubbardschool.org\/Group3\/index.php?rest_route=%2Fwp%2Fv2%2Fcomments&post=494"}],"version-history":[{"count":3,"href":"https:\/\/magazinewriting.hubbardschool.org\/Group3\/index.php?rest_route=\/wp\/v2\/pages\/494\/revisions"}],"predecessor-version":[{"id":508,"href":"https:\/\/magazinewriting.hubbardschool.org\/Group3\/index.php?rest_route=\/wp\/v2\/pages\/494\/revisions\/508"}],"up":[{"embeddable":true,"href":"https:\/\/magazinewriting.hubbardschool.org\/Group3\/index.php?rest_route=\/wp\/v2\/pages\/92"}],"wp:featuredmedia":[{"embeddable":true,"href":"https:\/\/magazinewriting.hubbardschool.org\/Group3\/index.php?rest_route=\/wp\/v2\/media\/495"}],"wp:attachment":[{"href":"https:\/\/magazinewriting.hubbardschool.org\/Group3\/index.php?rest_route=%2Fwp%2Fv2%2Fmedia&parent=494"}],"curies":[{"name":"wp","href":"https:\/\/api.w.org\/{rel}","templated":true}]}}